{"id":261,"date":"2017-04-05T09:13:19","date_gmt":"2017-04-05T07:13:19","guid":{"rendered":"http:\/\/www.walego.se\/cms\/?page_id=261"},"modified":"2017-04-05T10:52:57","modified_gmt":"2017-04-05T08:52:57","slug":"matmaskin-2","status":"publish","type":"page","link":"http:\/\/www.walego.se\/cms\/produktion\/matmaskin-2","title":{"rendered":"M\u00e4trum"},"content":{"rendered":"<p>&nbsp;<\/p>\n<p style=\"text-align: justify;\"><img loading=\"lazy\" decoding=\"async\" class=\"wp-image-275 alignnone\" src=\"http:\/\/www.walego.se\/cms\/wp-content\/uploads\/IMG_1297.jpg\" alt=\"IMG_1297\" width=\"501\" height=\"376\" srcset=\"http:\/\/www.walego.se\/cms\/wp-content\/uploads\/IMG_1297.jpg 4032w, http:\/\/www.walego.se\/cms\/wp-content\/uploads\/IMG_1297-300x225.jpg 300w, http:\/\/www.walego.se\/cms\/wp-content\/uploads\/IMG_1297-1024x768.jpg 1024w\" sizes=\"auto, (max-width: 501px) 100vw, 501px\" \/><\/p>\n<p>M\u00e4tmaskin Wenzel LH87<\/p>\n<p>5 axlig<\/p>\n<p>M\u00e4tomr\u00e5de 2000x800x700<\/p>\n","protected":false},"excerpt":{"rendered":"<p>&nbsp; M\u00e4tmaskin Wenzel LH87 5 axlig M\u00e4tomr\u00e5de 2000x800x700<\/p>\n","protected":false},"author":2,"featured_media":0,"parent":5,"menu_order":7,"comment_status":"closed","ping_status":"open","template":"","meta":{"footnotes":""},"class_list":["post-261","page","type-page","status-publish","hentry"],"publishpress_future_action":{"enabled":false,"date":"2026-05-08 13:58:19","action":"change-status","newStatus":"draft","terms":[],"taxonomy":""},"publishpress_future_workflow_manual_trigger":{"enabledWorkflows":[]},"_links":{"self":[{"href":"http:\/\/www.walego.se\/cms\/wp-json\/wp\/v2\/pages\/261","targetHints":{"allow":["GET"]}}],"collection":[{"href":"http:\/\/www.walego.se\/cms\/wp-json\/wp\/v2\/pages"}],"about":[{"href":"http:\/\/www.walego.se\/cms\/wp-json\/wp\/v2\/types\/page"}],"author":[{"embeddable":true,"href":"http:\/\/www.walego.se\/cms\/wp-json\/wp\/v2\/users\/2"}],"replies":[{"embeddable":true,"href":"http:\/\/www.walego.se\/cms\/wp-json\/wp\/v2\/comments?post=261"}],"version-history":[{"count":10,"href":"http:\/\/www.walego.se\/cms\/wp-json\/wp\/v2\/pages\/261\/revisions"}],"predecessor-version":[{"id":282,"href":"http:\/\/www.walego.se\/cms\/wp-json\/wp\/v2\/pages\/261\/revisions\/282"}],"up":[{"embeddable":true,"href":"http:\/\/www.walego.se\/cms\/wp-json\/wp\/v2\/pages\/5"}],"wp:attachment":[{"href":"http:\/\/www.walego.se\/cms\/wp-json\/wp\/v2\/media?parent=261"}],"curies":[{"name":"wp","href":"https:\/\/api.w.org\/{rel}","templated":true}]}}