{"id":9,"date":"2014-09-24T11:33:12","date_gmt":"2014-09-24T09:33:12","guid":{"rendered":"http:\/\/www.walego.se\/cms\/?page_id=9"},"modified":"2024-12-16T09:03:38","modified_gmt":"2024-12-16T08:03:38","slug":"kontakt","status":"publish","type":"page","link":"http:\/\/www.walego.se\/cms\/kontakt","title":{"rendered":"Kontakt"},"content":{"rendered":"<h3>Adress<\/h3>\n<p>Forngatan 12, 574 50 Eken\u00e4ssj\u00f6n<br \/>\nTel: 0383-345 90<br \/>\nKontor\/v\u00e4xel \u00e4r \u00f6ppen m\u00e5ndag-torsdag 06.30-16.00 samt fredag 06.30-12.00<\/p>\n<h3>Kontakter<\/h3>\n<table id=\"kontakttabell\" style=\"height: 416px;\" border=\"0\" width=\"606\" cellspacing=\"0\" cellpadding=\"3\">\n<tbody>\n<tr>\n<td><strong>Lars &#8221;Lolle&#8221; Jonsson<\/strong><br \/>\n\u00c4gare<br \/>\nMobil: 070-661 49 42<br \/>\n<a href=\"mailto:lolle@walego.se\">lolle@walego.se<\/a><\/td>\n<td><strong>Johan Nilsson<br \/>\n<\/strong>VD\/F\u00f6rs\u00e4ljning\/Ink\u00f6p<br \/>\nMobil: 0735-120068<br \/>\n<a href=\"mailto:johan.nilsson@walego.se\">johan.nilsson@walego.se<\/a><\/td>\n<td><strong>Anton Jonsson<\/strong><br \/>\nLogistik<br \/>\nMobil 072-3129687<br \/>\n<a href=\"mailto:anton.jonsson@walego.se\">anton.jonsson@walego.se<\/a><\/td>\n<\/tr>\n<tr>\n<td colspan=\"3\"><\/td>\n<\/tr>\n<tr>\n<td colspan=\"2\"><\/td>\n<\/tr>\n<tr>\n<td><strong>Benny Nilsson<\/strong><br \/>\nCNC\/M\u00e4tteknik<\/p>\n<p><a href=\"mailto:benny@walego.se\">benny@walego.se<\/a><\/td>\n<td><\/td>\n<td><\/td>\n<\/tr>\n<\/tbody>\n<\/table>\n","protected":false},"excerpt":{"rendered":"<p>Adress Forngatan 12, 574 50 Eken\u00e4ssj\u00f6n Tel: 0383-345 90 Kontor\/v\u00e4xel \u00e4r \u00f6ppen m\u00e5ndag-torsdag 06.30-16.00 samt fredag 06.30-12.00 Kontakter Lars &#8221;Lolle&#8221; Jonsson \u00c4gare Mobil: 070-661 49 42 lolle@walego.se Johan Nilsson VD\/F\u00f6rs\u00e4ljning\/Ink\u00f6p Mobil: 0735-120068 johan.nilsson@walego.se Anton Jonsson Logistik Mobil 072-3129687 anton.jonsson@walego.se Benny Nilsson CNC\/M\u00e4tteknik benny@walego.se<\/p>\n","protected":false},"author":1,"featured_media":0,"parent":0,"menu_order":4,"comment_status":"closed","ping_status":"open","template":"","meta":{"footnotes":""},"class_list":["post-9","page","type-page","status-publish","hentry"],"publishpress_future_action":{"enabled":false,"date":"2026-05-08 13:52:18","action":"change-status","newStatus":"draft","terms":[],"taxonomy":""},"publishpress_future_workflow_manual_trigger":{"enabledWorkflows":[]},"_links":{"self":[{"href":"http:\/\/www.walego.se\/cms\/wp-json\/wp\/v2\/pages\/9","targetHints":{"allow":["GET"]}}],"collection":[{"href":"http:\/\/www.walego.se\/cms\/wp-json\/wp\/v2\/pages"}],"about":[{"href":"http:\/\/www.walego.se\/cms\/wp-json\/wp\/v2\/types\/page"}],"author":[{"embeddable":true,"href":"http:\/\/www.walego.se\/cms\/wp-json\/wp\/v2\/users\/1"}],"replies":[{"embeddable":true,"href":"http:\/\/www.walego.se\/cms\/wp-json\/wp\/v2\/comments?post=9"}],"version-history":[{"count":15,"href":"http:\/\/www.walego.se\/cms\/wp-json\/wp\/v2\/pages\/9\/revisions"}],"predecessor-version":[{"id":334,"href":"http:\/\/www.walego.se\/cms\/wp-json\/wp\/v2\/pages\/9\/revisions\/334"}],"wp:attachment":[{"href":"http:\/\/www.walego.se\/cms\/wp-json\/wp\/v2\/media?parent=9"}],"curies":[{"name":"wp","href":"https:\/\/api.w.org\/{rel}","templated":true}]}}